{"id":6292,"date":"2024-10-17T13:14:41","date_gmt":"2024-10-17T11:14:41","guid":{"rendered":"https:\/\/botschaften-bern.ch\/?page_id=6292"},"modified":"2025-01-22T10:48:51","modified_gmt":"2025-01-22T09:48:51","slug":"ueber-uns","status":"publish","type":"page","link":"https:\/\/botschaften-bern.ch\/it\/ueber-uns\/","title":{"rendered":"Chi siamo"},"content":{"rendered":"<h2><span style=\"color: #272626;\">Chi siamo<\/span><\/h2>\n<p><span style=\"color: #272626;\">Benvenuti su ambasciate-berna.ch! Siamo un sito web indipendente e gestito privatamente la cui missione \u00e8 fornirvi informazioni complete e sempre aggiornate sulle ambasciate straniere a Berna.<\/span><\/p>\n<h3><span style=\"color: #272626;\">La nostra missione<\/span><\/h3>\n<p><span style=\"color: #272626;\">Questa piattaforma \u00e8 nata dalla necessit\u00e0 di facilitare l&#039;accesso ai dettagli di contatto diplomatici e alle informazioni di base. Quando ci siamo resi conto che le fonti affidabili e ben strutturate su questo argomento scarseggiavano, abbiamo deciso di colmare questa lacuna. Con embassies-bern.ch desideriamo offrirvi una fonte di informazioni affidabile e di facile utilizzo.<\/span><\/p>\n<h3><span style=\"color: #272626;\">Cosa offriamo<\/span><\/h3>\n<p><span style=\"color: #272626;\">Sul nostro sito troverete informazioni dettagliate sulle ambasciate e sui consolati a Berna, tra cui <strong>Indirizzi<\/strong>, <strong>Dettagli di contatto<\/strong> e consigli utili.<\/span><\/p>\n<h3><span style=\"color: #272626;\">Il nostro impegno<\/span><\/h3>\n<p><span style=\"color: #272626;\">La nostra squadra da <a href=\"https:\/\/botschaften-bern.ch\/it\/\">ambasciate-berna.ch<\/a> lavora continuamente per mantenere le informazioni aggiornate. Se riscontri dati obsoleti o hai ulteriori domande, non esitare a contattarci. Il tuo feedback \u00e8 importante per noi perch\u00e9 desideriamo migliorare continuamente il nostro servizio.<\/span><\/p>\n<p><span style=\"color: #272626;\">Grazie per aver visitato il nostro sito web. Ci auguriamo che embassies-bern.ch possa costituire una risorsa utile per le vostre preoccupazioni riguardo alle rappresentanze diplomatiche a Berna.<\/span><\/p>\n<p><span style=\"color: #272626;\">Il vostro team su nachrichten-bern.ch<\/span><\/p>","protected":false},"excerpt":{"rendered":"<p>Wer wir sind Willkommen auf botschaften-bern.ch! Wir sind eine unabh\u00e4ngige, privat betriebene Webseite, die es sich zur Aufgabe gemacht hat, Ihnen umfassende und stets aktuelle Informationen \u00fcber die ausl\u00e4ndischen Botschaften in Bern bereitzustellen. Unsere Mission Diese Plattform entstand aus dem Bed\u00fcrfnis, den Zugang zu diplomatischen Kontaktdaten und Hintergrundinformationen zu erleichtern. Als wir feststellten, dass zuverl\u00e4ssige&hellip;&nbsp;<\/p>","protected":false},"author":1,"featured_media":0,"parent":0,"menu_order":0,"comment_status":"closed","ping_status":"closed","template":"","meta":{"neve_meta_sidebar":"","neve_meta_container":"","neve_meta_enable_content_width":"off","neve_meta_content_width":100,"neve_meta_title_alignment":"","neve_meta_author_avatar":"","neve_post_elements_order":"","neve_meta_disable_header":"","neve_meta_disable_footer":"","neve_meta_disable_title":"","neve_meta_reading_time":"","footnotes":""},"class_list":["post-6292","page","type-page","status-publish","hentry"],"yoast_head":"<!-- This site is optimized with the Yoast SEO plugin v27.3 - https:\/\/yoast.com\/product\/yoast-seo-wordpress\/ -->\n<title>\u00dcber Uns \u2013 Botschaften &amp; Konsulate in Bern<\/title>\n<meta name=\"description\" content=\"Lernen Sie unser Team und unsere Mission bei Botschaften-Bern.ch kennen, Ihrem Portal f\u00fcr Botschaften und Konsulate in Bern.\" \/>\n<meta name=\"robots\" content=\"noindex, follow\" \/>\n<meta property=\"og:locale\" content=\"it_IT\" \/>\n<meta property=\"og:type\" content=\"article\" \/>\n<meta property=\"og:title\" content=\"\u00dcber Uns \u2013 Botschaften &amp; Konsulate in Bern\" \/>\n<meta property=\"og:description\" content=\"Lernen Sie unser Team und unsere Mission bei Botschaften-Bern.ch kennen, Ihrem Portal f\u00fcr Botschaften und Konsulate in Bern.\" \/>\n<meta property=\"og:url\" content=\"https:\/\/botschaften-bern.ch\/it\/ueber-uns\/\" \/>\n<meta property=\"og:site_name\" content=\"botschaften-bern.ch\" \/>\n<meta property=\"article:modified_time\" content=\"2025-01-22T09:48:51+00:00\" \/>\n<meta name=\"twitter:card\" content=\"summary_large_image\" \/>\n<meta name=\"twitter:label1\" content=\"Tempo di lettura stimato\" \/>\n\t<meta name=\"twitter:data1\" content=\"1 minuto\" \/>\n<script type=\"application\/ld+json\" class=\"yoast-schema-graph\">{\"@context\":\"https:\\\/\\\/schema.org\",\"@graph\":[{\"@type\":\"WebPage\",\"@id\":\"https:\\\/\\\/botschaften-bern.ch\\\/ueber-uns\\\/\",\"url\":\"https:\\\/\\\/botschaften-bern.ch\\\/ueber-uns\\\/\",\"name\":\"\u00dcber Uns \u2013 Botschaften & Konsulate in Bern\",\"isPartOf\":{\"@id\":\"https:\\\/\\\/botschaften-bern.ch\\\/#website\"},\"datePublished\":\"2024-10-17T11:14:41+00:00\",\"dateModified\":\"2025-01-22T09:48:51+00:00\",\"description\":\"Lernen Sie unser Team und unsere Mission bei Botschaften-Bern.ch kennen, Ihrem Portal f\u00fcr Botschaften und Konsulate in Bern.\",\"breadcrumb\":{\"@id\":\"https:\\\/\\\/botschaften-bern.ch\\\/ueber-uns\\\/#breadcrumb\"},\"inLanguage\":\"it-IT\",\"potentialAction\":[{\"@type\":\"ReadAction\",\"target\":[\"https:\\\/\\\/botschaften-bern.ch\\\/ueber-uns\\\/\"]}]},{\"@type\":\"BreadcrumbList\",\"@id\":\"https:\\\/\\\/botschaften-bern.ch\\\/ueber-uns\\\/#breadcrumb\",\"itemListElement\":[{\"@type\":\"ListItem\",\"position\":1,\"name\":\"Startseite\",\"item\":\"https:\\\/\\\/botschaften-bern.ch\\\/\"},{\"@type\":\"ListItem\",\"position\":2,\"name\":\"\u00dcber uns\"}]},{\"@type\":\"WebSite\",\"@id\":\"https:\\\/\\\/botschaften-bern.ch\\\/#website\",\"url\":\"https:\\\/\\\/botschaften-bern.ch\\\/\",\"name\":\"botschaften-bern.ch\",\"description\":\"\",\"potentialAction\":[{\"@type\":\"SearchAction\",\"target\":{\"@type\":\"EntryPoint\",\"urlTemplate\":\"https:\\\/\\\/botschaften-bern.ch\\\/?s={search_term_string}\"},\"query-input\":{\"@type\":\"PropertyValueSpecification\",\"valueRequired\":true,\"valueName\":\"search_term_string\"}}],\"inLanguage\":\"it-IT\"}]}<\/script>\n<!-- \/ Yoast SEO plugin. -->","yoast_head_json":{"title":"\u00dcber Uns \u2013 Botschaften & Konsulate in Bern","description":"Lernen Sie unser Team und unsere Mission bei Botschaften-Bern.ch kennen, Ihrem Portal f\u00fcr Botschaften und Konsulate in Bern.","robots":{"index":"noindex","follow":"follow"},"og_locale":"it_IT","og_type":"article","og_title":"\u00dcber Uns \u2013 Botschaften & Konsulate in Bern","og_description":"Lernen Sie unser Team und unsere Mission bei Botschaften-Bern.ch kennen, Ihrem Portal f\u00fcr Botschaften und Konsulate in Bern.","og_url":"https:\/\/botschaften-bern.ch\/it\/ueber-uns\/","og_site_name":"botschaften-bern.ch","article_modified_time":"2025-01-22T09:48:51+00:00","twitter_card":"summary_large_image","twitter_misc":{"Tempo di lettura stimato":"1 minuto"},"schema":{"@context":"https:\/\/schema.org","@graph":[{"@type":"WebPage","@id":"https:\/\/botschaften-bern.ch\/ueber-uns\/","url":"https:\/\/botschaften-bern.ch\/ueber-uns\/","name":"\u00dcber Uns \u2013 Botschaften & Konsulate in Bern","isPartOf":{"@id":"https:\/\/botschaften-bern.ch\/#website"},"datePublished":"2024-10-17T11:14:41+00:00","dateModified":"2025-01-22T09:48:51+00:00","description":"Lernen Sie unser Team und unsere Mission bei Botschaften-Bern.ch kennen, Ihrem Portal f\u00fcr Botschaften und Konsulate in Bern.","breadcrumb":{"@id":"https:\/\/botschaften-bern.ch\/ueber-uns\/#breadcrumb"},"inLanguage":"it-IT","potentialAction":[{"@type":"ReadAction","target":["https:\/\/botschaften-bern.ch\/ueber-uns\/"]}]},{"@type":"BreadcrumbList","@id":"https:\/\/botschaften-bern.ch\/ueber-uns\/#breadcrumb","itemListElement":[{"@type":"ListItem","position":1,"name":"Startseite","item":"https:\/\/botschaften-bern.ch\/"},{"@type":"ListItem","position":2,"name":"\u00dcber uns"}]},{"@type":"WebSite","@id":"https:\/\/botschaften-bern.ch\/#website","url":"https:\/\/botschaften-bern.ch\/","name":"ambasciate-berna.ch","description":"","potentialAction":[{"@type":"SearchAction","target":{"@type":"EntryPoint","urlTemplate":"https:\/\/botschaften-bern.ch\/?s={search_term_string}"},"query-input":{"@type":"PropertyValueSpecification","valueRequired":true,"valueName":"search_term_string"}}],"inLanguage":"it-IT"}]}},"_links":{"self":[{"href":"https:\/\/botschaften-bern.ch\/it\/wp-json\/wp\/v2\/pages\/6292","targetHints":{"allow":["GET"]}}],"collection":[{"href":"https:\/\/botschaften-bern.ch\/it\/wp-json\/wp\/v2\/pages"}],"about":[{"href":"https:\/\/botschaften-bern.ch\/it\/wp-json\/wp\/v2\/types\/page"}],"author":[{"embeddable":true,"href":"https:\/\/botschaften-bern.ch\/it\/wp-json\/wp\/v2\/users\/1"}],"replies":[{"embeddable":true,"href":"https:\/\/botschaften-bern.ch\/it\/wp-json\/wp\/v2\/comments?post=6292"}],"version-history":[{"count":5,"href":"https:\/\/botschaften-bern.ch\/it\/wp-json\/wp\/v2\/pages\/6292\/revisions"}],"predecessor-version":[{"id":8054,"href":"https:\/\/botschaften-bern.ch\/it\/wp-json\/wp\/v2\/pages\/6292\/revisions\/8054"}],"wp:attachment":[{"href":"https:\/\/botschaften-bern.ch\/it\/wp-json\/wp\/v2\/media?parent=6292"}],"curies":[{"name":"wp","href":"https:\/\/api.w.org\/{rel}","templated":true}]}}