{"id":6204,"date":"2024-10-15T19:03:47","date_gmt":"2024-10-15T17:03:47","guid":{"rendered":"https:\/\/botschaften-bern.ch\/?page_id=6204"},"modified":"2024-11-07T19:41:18","modified_gmt":"2024-11-07T18:41:18","slug":"wichtige-hinweise-fuer-besucher","status":"publish","type":"page","link":"https:\/\/botschaften-bern.ch\/it\/wichtige-hinweise-fuer-besucher\/","title":{"rendered":"Informazioni importanti per i visitatori"},"content":{"rendered":"<div data-elementor-type=\"wp-page\" data-elementor-id=\"6204\" class=\"elementor elementor-6204\">\n\t\t\t\t\t\t<section class=\"elementor-section elementor-top-section elementor-element elementor-element-65b7059 elementor-section-boxed elementor-section-height-default elementor-section-height-default\" data-id=\"65b7059\" data-element_type=\"section\">\n\t\t\t\t\t\t<div class=\"elementor-container elementor-column-gap-default\">\n\t\t\t\t\t<div class=\"elementor-column elementor-col-66 elementor-top-column elementor-element elementor-element-c3874ea\" data-id=\"c3874ea\" data-element_type=\"column\">\n\t\t\t<div class=\"elementor-widget-wrap elementor-element-populated\">\n\t\t\t\t\t\t<div class=\"elementor-element elementor-element-b81b30b elementor-widget elementor-widget-text-editor\" data-id=\"b81b30b\" data-element_type=\"widget\" data-widget_type=\"text-editor.default\">\n\t\t\t\t<div class=\"elementor-widget-container\">\n\t\t\t\t\t\t\t\t\t<p>Una visita a uno <a href=\"https:\/\/botschaften-bern.ch\/it\/\">Ambasciata a Berna<\/a> pu\u00f2 essere necessario per molte questioni diverse, che si tratti di richieste di visto, questioni legali o semplicemente di consulenza. Per rendere il processo fluido ed efficiente, ci sono alcune informazioni importanti che dovresti tenere a mente.<\/p>\t\t\t\t\t\t\t\t<\/div>\n\t\t\t\t<\/div>\n\t\t\t\t\t<\/div>\n\t\t<\/div>\n\t\t\t\t<div class=\"elementor-column elementor-col-33 elementor-top-column elementor-element elementor-element-8b10189\" data-id=\"8b10189\" data-element_type=\"column\">\n\t\t\t<div class=\"elementor-widget-wrap elementor-element-populated\">\n\t\t\t\t\t\t<div class=\"elementor-element elementor-element-a715643 elementor-widget elementor-widget-image\" data-id=\"a715643\" data-element_type=\"widget\" data-widget_type=\"image.default\">\n\t\t\t\t<div class=\"elementor-widget-container\">\n\t\t\t\t\t\t\t\t\t\t\t\t\t\t\t<img decoding=\"async\" width=\"150\" height=\"150\" src=\"https:\/\/botschaften-bern.ch\/wp-content\/uploads\/2024\/11\/Untitled-design-150x150.png\" class=\"attachment-thumbnail size-thumbnail wp-image-7501\" alt=\"Besucher Hinweise\" srcset=\"https:\/\/botschaften-bern.ch\/wp-content\/uploads\/2024\/11\/Untitled-design-150x150.png 150w, https:\/\/botschaften-bern.ch\/wp-content\/uploads\/2024\/11\/Untitled-design-300x300.png 300w, https:\/\/botschaften-bern.ch\/wp-content\/uploads\/2024\/11\/Untitled-design-1024x1024.png 1024w, https:\/\/botschaften-bern.ch\/wp-content\/uploads\/2024\/11\/Untitled-design-768x768.png 768w, https:\/\/botschaften-bern.ch\/wp-content\/uploads\/2024\/11\/Untitled-design-1536x1536.png 1536w, https:\/\/botschaften-bern.ch\/wp-content\/uploads\/2024\/11\/Untitled-design.png 1920w\" sizes=\"(max-width: 150px) 100vw, 150px\" \/>\t\t\t\t\t\t\t\t\t\t\t\t\t\t\t<\/div>\n\t\t\t\t<\/div>\n\t\t\t\t\t<\/div>\n\t\t<\/div>\n\t\t\t\t\t<\/div>\n\t\t<\/section>\n\t\t\t\t<section class=\"elementor-section elementor-top-section elementor-element elementor-element-2ed9af7 elementor-section-boxed elementor-section-height-default elementor-section-height-default\" data-id=\"2ed9af7\" data-element_type=\"section\">\n\t\t\t\t\t\t<div class=\"elementor-container elementor-column-gap-default\">\n\t\t\t\t\t<div class=\"elementor-column elementor-col-100 elementor-top-column elementor-element elementor-element-1735157\" data-id=\"1735157\" data-element_type=\"column\">\n\t\t\t<div class=\"elementor-widget-wrap elementor-element-populated\">\n\t\t\t\t\t\t<div class=\"elementor-element elementor-element-470d7f8 elementor-widget-divider--view-line elementor-widget elementor-widget-divider\" data-id=\"470d7f8\" data-element_type=\"widget\" data-widget_type=\"divider.default\">\n\t\t\t\t<div class=\"elementor-widget-container\">\n\t\t\t\t\t\t\t<div class=\"elementor-divider\">\n\t\t\t<span class=\"elementor-divider-separator\">\n\t\t\t\t\t\t<\/span>\n\t\t<\/div>\n\t\t\t\t\t\t<\/div>\n\t\t\t\t<\/div>\n\t\t\t\t<div class=\"elementor-element elementor-element-9a9dc8e elementor-widget elementor-widget-heading\" data-id=\"9a9dc8e\" data-element_type=\"widget\" data-widget_type=\"heading.default\">\n\t\t\t\t<div class=\"elementor-widget-container\">\n\t\t\t\t\t<h2 class=\"elementor-heading-title elementor-size-default\">Preparazione per la visita all&#039;ambasciata o al consolato<\/h2>\t\t\t\t<\/div>\n\t\t\t\t<\/div>\n\t\t\t\t<div class=\"elementor-element elementor-element-8c1299f elementor-widget elementor-widget-text-editor\" data-id=\"8c1299f\" data-element_type=\"widget\" data-widget_type=\"text-editor.default\">\n\t\t\t\t<div class=\"elementor-widget-container\">\n\t\t\t\t\t\t\t\t\t<p>Prima di partire, una buona preparazione \u00e8 fondamentale. Ecco i punti chiave da tenere a mente:<\/p><ul><li><strong>Appuntamento:<\/strong> Molte ambasciate e consolati operano solo su appuntamento. Assicurati di fissare un appuntamento in anticipo.<\/li><li><strong>Preparare i documenti:<\/strong> Controlla la documentazione richiesta per il tuo appuntamento. I documenti mancanti possono ritardare notevolmente il processo.<\/li><li><strong>Abbigliamento abbinato:<\/strong> Anche se non esistono norme ferree, \u00e8 consigliabile indossare un abbigliamento adeguato e ordinato per fare bella figura.<\/li><\/ul>\t\t\t\t\t\t\t\t<\/div>\n\t\t\t\t<\/div>\n\t\t\t\t<div class=\"elementor-element elementor-element-119d1b5 elementor-widget elementor-widget-heading\" data-id=\"119d1b5\" data-element_type=\"widget\" data-widget_type=\"heading.default\">\n\t\t\t\t<div class=\"elementor-widget-container\">\n\t\t\t\t\t<h2 class=\"elementor-heading-title elementor-size-default\">Documenti importanti per la visita<\/h2>\t\t\t\t<\/div>\n\t\t\t\t<\/div>\n\t\t\t\t<div class=\"elementor-element elementor-element-f752e1a elementor-widget elementor-widget-text-editor\" data-id=\"f752e1a\" data-element_type=\"widget\" data-widget_type=\"text-editor.default\">\n\t\t\t\t<div class=\"elementor-widget-container\">\n\t\t\t\t\t\t\t\t\t<p>A seconda della richiesta, i documenti richiesti variano. Ecco un elenco dei documenti frequentemente richiesti:<\/p><ul><li><strong>Passaporto o carta d&#039;identit\u00e0:<\/strong> \u00c8 sempre richiesto un documento d&#039;identit\u00e0 valido con foto.<\/li><li><strong>Forme:<\/strong> Molti servizi richiedono la compilazione di richieste o moduli speciali.<\/li><li><strong>Richieste di visto o passaporto:<\/strong> Se vuoi richiedere un visto o un nuovo passaporto, porta con te tutti i documenti e le foto necessari.<\/li><li><strong>Certificato di nascita o di matrimonio:<\/strong> Questi documenti potrebbero essere richiesti per determinate richieste legali.<\/li><li><strong>Prova di residenza o permesso di soggiorno:<\/strong> Questi possono spesso essere necessari per le richieste di visto o per le estensioni della carta d&#039;identit\u00e0.<\/li><\/ul>\t\t\t\t\t\t\t\t<\/div>\n\t\t\t\t<\/div>\n\t\t\t\t<div class=\"elementor-element elementor-element-ca455ec elementor-widget elementor-widget-heading\" data-id=\"ca455ec\" data-element_type=\"widget\" data-widget_type=\"heading.default\">\n\t\t\t\t<div class=\"elementor-widget-container\">\n\t\t\t\t\t<h2 class=\"elementor-heading-title elementor-size-default\">Istruzioni di sicurezza e regole di condotta<\/h2>\t\t\t\t<\/div>\n\t\t\t\t<\/div>\n\t\t\t\t<div class=\"elementor-element elementor-element-7398245 elementor-widget elementor-widget-text-editor\" data-id=\"7398245\" data-element_type=\"widget\" data-widget_type=\"text-editor.default\">\n\t\t\t\t<div class=\"elementor-widget-container\">\n\t\t\t\t\t\t\t\t\t<p>Le precauzioni di sicurezza nelle ambasciate e nei consolati sono spesso rigorose. Si prega di notare le seguenti informazioni:<\/p><ul><li><strong>Controlli di sicurezza:<\/strong> Concedere pi\u00f9 tempo per i controlli di sicurezza. Potrebbero non essere ammessi dispositivi elettronici e borse pi\u00f9 grandi.<\/li><li><strong>Nessuna foto o video:<\/strong> In molte ambasciate \u00e8 vietato scattare foto o filmare.<\/li><li><strong>Stai calmo:<\/strong> Aspetta pazientemente il tuo turno. La cordialit\u00e0 e il rispetto per il personale sono fondamentali.<\/li><\/ul>\t\t\t\t\t\t\t\t<\/div>\n\t\t\t\t<\/div>\n\t\t\t\t<div class=\"elementor-element elementor-element-1075d94 elementor-widget elementor-widget-heading\" data-id=\"1075d94\" data-element_type=\"widget\" data-widget_type=\"heading.default\">\n\t\t\t\t<div class=\"elementor-widget-container\">\n\t\t\t\t\t<h2 class=\"elementor-heading-title elementor-size-default\">Suggerimenti per una visita di successo in un&#039;ambasciata<\/h2>\t\t\t\t<\/div>\n\t\t\t\t<\/div>\n\t\t\t\t<div class=\"elementor-element elementor-element-9b57072 elementor-widget elementor-widget-text-editor\" data-id=\"9b57072\" data-element_type=\"widget\" data-widget_type=\"text-editor.default\">\n\t\t\t\t<div class=\"elementor-widget-container\">\n\t\t\t\t\t\t\t\t\t<ul><li><strong>Sii puntuale:<\/strong> Arrivare in ritardo potrebbe comportare un ritardo o l&#039;annullamento dell&#039;appuntamento.<\/li><li><strong>Porta copie:<\/strong> Fai copie di documenti importanti poich\u00e9 dovrai inviarli spesso.<\/li><li><strong>Leggi il sito dell&#039;ambasciata:<\/strong> Qui troverete informazioni aggiornate sugli orari di apertura, i documenti necessari e le istruzioni speciali.<\/li><\/ul>\t\t\t\t\t\t\t\t<\/div>\n\t\t\t\t<\/div>\n\t\t\t\t<div class=\"elementor-element elementor-element-4a91694 elementor-widget elementor-widget-heading\" data-id=\"4a91694\" data-element_type=\"widget\" data-widget_type=\"heading.default\">\n\t\t\t\t<div class=\"elementor-widget-container\">\n\t\t\t\t\t<h3 class=\"elementor-heading-title elementor-size-default\">Punti chiave riassunti:<\/h3>\t\t\t\t<\/div>\n\t\t\t\t<\/div>\n\t\t\t\t<div class=\"elementor-element elementor-element-8fa1f93 elementor-widget elementor-widget-text-editor\" data-id=\"8fa1f93\" data-element_type=\"widget\" data-widget_type=\"text-editor.default\">\n\t\t\t\t<div class=\"elementor-widget-container\">\n\t\t\t\t\t\t\t\t\t<ul><li>Fissare un appuntamento in anticipo<\/li><li>Preparare i documenti richiesti<\/li><li>Scegli un abbigliamento adeguato<\/li><li>Osservare le precauzioni di sicurezza<\/li><li>Chiarire in anticipo le domande pi\u00f9 comuni<\/li><\/ul><p>Con questi suggerimenti e informazioni sarai ben preparato per la tua visita all&#039;ambasciata o al consolato. Pianifica attentamente la tua visita per evitare tempi di attesa e complicazioni.<\/p><p>Hai altre domande? Clicca qui per il nostro <a href=\"https:\/\/botschaften-bern.ch\/it\/faq-botschaften-und-konsulate-in-bern\/\">Domande frequenti<\/a><\/p>\t\t\t\t\t\t\t\t<\/div>\n\t\t\t\t<\/div>\n\t\t\t\t<div class=\"elementor-element elementor-element-4f5eefb elementor-widget elementor-widget-spacer\" data-id=\"4f5eefb\" data-element_type=\"widget\" data-widget_type=\"spacer.default\">\n\t\t\t\t<div class=\"elementor-widget-container\">\n\t\t\t\t\t\t\t<div class=\"elementor-spacer\">\n\t\t\t<div class=\"elementor-spacer-inner\"><\/div>\n\t\t<\/div>\n\t\t\t\t\t\t<\/div>\n\t\t\t\t<\/div>\n\t\t\t\t\t<\/div>\n\t\t<\/div>\n\t\t\t\t\t<\/div>\n\t\t<\/section>\n\t\t\t\t<section class=\"elementor-section elementor-top-section elementor-element elementor-element-546762a elementor-section-boxed elementor-section-height-default elementor-section-height-default\" data-id=\"546762a\" data-element_type=\"section\">\n\t\t\t\t\t\t<div class=\"elementor-container elementor-column-gap-default\">\n\t\t\t\t\t<div class=\"elementor-column elementor-col-100 elementor-top-column elementor-element elementor-element-8415f50\" data-id=\"8415f50\" data-element_type=\"column\">\n\t\t\t<div class=\"elementor-widget-wrap elementor-element-populated\">\n\t\t\t\t\t\t<div class=\"elementor-element elementor-element-20bd5be elementor-widget elementor-widget-heading\" data-id=\"20bd5be\" data-element_type=\"widget\" data-widget_type=\"heading.default\">\n\t\t\t\t<div class=\"elementor-widget-container\">\n\t\t\t\t\t<h3 class=\"elementor-heading-title elementor-size-default\">Ulteriori informazioni e fonti<\/h3>\t\t\t\t<\/div>\n\t\t\t\t<\/div>\n\t\t\t\t<div class=\"elementor-element elementor-element-c7f994a elementor-widget elementor-widget-text-editor\" data-id=\"c7f994a\" data-element_type=\"widget\" data-widget_type=\"text-editor.default\">\n\t\t\t\t<div class=\"elementor-widget-container\">\n\t\t\t\t\t\t\t\t\t<ul><li><a href=\"https:\/\/www.eda.admin.ch\/eda\/de\/home\/einreise-und-aufenthaltinderschweiz\/visa.html\" target=\"_blank\" rel=\"noopener\">Requisiti per il visto<\/a><\/li><li><a href=\"https:\/\/www.eda.admin.ch\/eda\/de\/home\/einreise-und-aufenthaltinderschweiz\/informationen-zueinreiseundaufenthalt.html\" target=\"_blank\" rel=\"noopener\">Ingresso e soggiorno in Svizzera<\/a><\/li><li><a href=\"https:\/\/botschaften-bern.ch\/it\/\">Ambasciate a Berna<\/a><\/li><\/ul>\t\t\t\t\t\t\t\t<\/div>\n\t\t\t\t<\/div>\n\t\t\t\t<div class=\"elementor-element elementor-element-5fde698 elementor-widget elementor-widget-spacer\" data-id=\"5fde698\" data-element_type=\"widget\" data-widget_type=\"spacer.default\">\n\t\t\t\t<div class=\"elementor-widget-container\">\n\t\t\t\t\t\t\t<div class=\"elementor-spacer\">\n\t\t\t<div class=\"elementor-spacer-inner\"><\/div>\n\t\t<\/div>\n\t\t\t\t\t\t<\/div>\n\t\t\t\t<\/div>\n\t\t\t\t\t<\/div>\n\t\t<\/div>\n\t\t\t\t\t<\/div>\n\t\t<\/section>\n\t\t\t\t<\/div>","protected":false},"excerpt":{"rendered":"<p>Ein Besuch in einer Botschaft in Bern kann f\u00fcr viele verschiedene Angelegenheiten notwendig sein, sei es f\u00fcr Visaantr\u00e4ge, rechtliche Angelegenheiten oder einfach zur Beratung. Um den Prozess reibungslos und effizient zu gestalten, gibt es einige wichtige Informationen, die Sie beachten sollten. Vorbereitung auf den Botschafts- oder Konsulatsbesuch Bevor Sie sich auf den Weg machen, ist&hellip;&nbsp;<\/p>","protected":false},"author":1,"featured_media":0,"parent":0,"menu_order":0,"comment_status":"closed","ping_status":"closed","template":"","meta":{"neve_meta_sidebar":"","neve_meta_container":"","neve_meta_enable_content_width":"off","neve_meta_content_width":100,"neve_meta_title_alignment":"","neve_meta_author_avatar":"","neve_post_elements_order":"","neve_meta_disable_header":"","neve_meta_disable_footer":"","neve_meta_disable_title":"","neve_meta_reading_time":"","footnotes":""},"class_list":["post-6204","page","type-page","status-publish","hentry"],"yoast_head":"<!-- This site is optimized with the Yoast SEO plugin v27.3 - https:\/\/yoast.com\/product\/yoast-seo-wordpress\/ -->\n<title>Wichtige Hinweise f\u00fcr Besucher - botschaften-bern.ch<\/title>\n<meta name=\"description\" content=\"Wichtige Informationen f\u00fcr Besucher von Botschaften und Konsulaten in Bern \u2013 Erfahren Sie, was Sie vor Ihrem Besuch beachten sollten.\" \/>\n<meta name=\"robots\" content=\"index, follow, max-snippet:-1, max-image-preview:large, max-video-preview:-1\" \/>\n<link rel=\"canonical\" href=\"https:\/\/botschaften-bern.ch\/it\/wichtige-hinweise-fuer-besucher\/\" \/>\n<meta property=\"og:locale\" content=\"it_IT\" \/>\n<meta property=\"og:type\" content=\"article\" \/>\n<meta property=\"og:title\" content=\"Wichtige Hinweise f\u00fcr Besucher - botschaften-bern.ch\" \/>\n<meta property=\"og:description\" content=\"Wichtige Informationen f\u00fcr Besucher von Botschaften und Konsulaten in Bern \u2013 Erfahren Sie, was Sie vor Ihrem Besuch beachten sollten.\" \/>\n<meta property=\"og:url\" content=\"https:\/\/botschaften-bern.ch\/it\/wichtige-hinweise-fuer-besucher\/\" \/>\n<meta property=\"og:site_name\" content=\"botschaften-bern.ch\" \/>\n<meta property=\"article:modified_time\" content=\"2024-11-07T18:41:18+00:00\" \/>\n<meta property=\"og:image\" content=\"https:\/\/botschaften-bern.ch\/wp-content\/uploads\/2024\/11\/Untitled-design.png\" \/>\n\t<meta property=\"og:image:width\" content=\"1920\" \/>\n\t<meta property=\"og:image:height\" content=\"1920\" \/>\n\t<meta property=\"og:image:type\" content=\"image\/png\" \/>\n<meta name=\"twitter:card\" content=\"summary_large_image\" \/>\n<meta name=\"twitter:label1\" content=\"Tempo di lettura stimato\" \/>\n\t<meta name=\"twitter:data1\" content=\"3 minuti\" \/>\n<script type=\"application\/ld+json\" class=\"yoast-schema-graph\">{\"@context\":\"https:\\\/\\\/schema.org\",\"@graph\":[{\"@type\":\"WebPage\",\"@id\":\"https:\\\/\\\/botschaften-bern.ch\\\/wichtige-hinweise-fuer-besucher\\\/\",\"url\":\"https:\\\/\\\/botschaften-bern.ch\\\/wichtige-hinweise-fuer-besucher\\\/\",\"name\":\"Wichtige Hinweise f\u00fcr Besucher - botschaften-bern.ch\",\"isPartOf\":{\"@id\":\"https:\\\/\\\/botschaften-bern.ch\\\/#website\"},\"primaryImageOfPage\":{\"@id\":\"https:\\\/\\\/botschaften-bern.ch\\\/wichtige-hinweise-fuer-besucher\\\/#primaryimage\"},\"image\":{\"@id\":\"https:\\\/\\\/botschaften-bern.ch\\\/wichtige-hinweise-fuer-besucher\\\/#primaryimage\"},\"thumbnailUrl\":\"https:\\\/\\\/botschaften-bern.ch\\\/wp-content\\\/uploads\\\/2024\\\/11\\\/Untitled-design-150x150.png\",\"datePublished\":\"2024-10-15T17:03:47+00:00\",\"dateModified\":\"2024-11-07T18:41:18+00:00\",\"description\":\"Wichtige Informationen f\u00fcr Besucher von Botschaften und Konsulaten in Bern \u2013 Erfahren Sie, was Sie vor Ihrem Besuch beachten sollten.\",\"breadcrumb\":{\"@id\":\"https:\\\/\\\/botschaften-bern.ch\\\/wichtige-hinweise-fuer-besucher\\\/#breadcrumb\"},\"inLanguage\":\"it-IT\",\"potentialAction\":[{\"@type\":\"ReadAction\",\"target\":[\"https:\\\/\\\/botschaften-bern.ch\\\/wichtige-hinweise-fuer-besucher\\\/\"]}]},{\"@type\":\"ImageObject\",\"inLanguage\":\"it-IT\",\"@id\":\"https:\\\/\\\/botschaften-bern.ch\\\/wichtige-hinweise-fuer-besucher\\\/#primaryimage\",\"url\":\"https:\\\/\\\/botschaften-bern.ch\\\/wp-content\\\/uploads\\\/2024\\\/11\\\/Untitled-design-150x150.png\",\"contentUrl\":\"https:\\\/\\\/botschaften-bern.ch\\\/wp-content\\\/uploads\\\/2024\\\/11\\\/Untitled-design-150x150.png\"},{\"@type\":\"BreadcrumbList\",\"@id\":\"https:\\\/\\\/botschaften-bern.ch\\\/wichtige-hinweise-fuer-besucher\\\/#breadcrumb\",\"itemListElement\":[{\"@type\":\"ListItem\",\"position\":1,\"name\":\"Startseite\",\"item\":\"https:\\\/\\\/botschaften-bern.ch\\\/\"},{\"@type\":\"ListItem\",\"position\":2,\"name\":\"Wichtige Hinweise f\u00fcr Besucher\"}]},{\"@type\":\"WebSite\",\"@id\":\"https:\\\/\\\/botschaften-bern.ch\\\/#website\",\"url\":\"https:\\\/\\\/botschaften-bern.ch\\\/\",\"name\":\"botschaften-bern.ch\",\"description\":\"\",\"potentialAction\":[{\"@type\":\"SearchAction\",\"target\":{\"@type\":\"EntryPoint\",\"urlTemplate\":\"https:\\\/\\\/botschaften-bern.ch\\\/?s={search_term_string}\"},\"query-input\":{\"@type\":\"PropertyValueSpecification\",\"valueRequired\":true,\"valueName\":\"search_term_string\"}}],\"inLanguage\":\"it-IT\"}]}<\/script>\n<!-- \/ Yoast SEO plugin. -->","yoast_head_json":{"title":"Wichtige Hinweise f\u00fcr Besucher - botschaften-bern.ch","description":"Wichtige Informationen f\u00fcr Besucher von Botschaften und Konsulaten in Bern \u2013 Erfahren Sie, was Sie vor Ihrem Besuch beachten sollten.","robots":{"index":"index","follow":"follow","max-snippet":"max-snippet:-1","max-image-preview":"max-image-preview:large","max-video-preview":"max-video-preview:-1"},"canonical":"https:\/\/botschaften-bern.ch\/it\/wichtige-hinweise-fuer-besucher\/","og_locale":"it_IT","og_type":"article","og_title":"Wichtige Hinweise f\u00fcr Besucher - botschaften-bern.ch","og_description":"Wichtige Informationen f\u00fcr Besucher von Botschaften und Konsulaten in Bern \u2013 Erfahren Sie, was Sie vor Ihrem Besuch beachten sollten.","og_url":"https:\/\/botschaften-bern.ch\/it\/wichtige-hinweise-fuer-besucher\/","og_site_name":"botschaften-bern.ch","article_modified_time":"2024-11-07T18:41:18+00:00","og_image":[{"width":1920,"height":1920,"url":"https:\/\/botschaften-bern.ch\/wp-content\/uploads\/2024\/11\/Untitled-design.png","type":"image\/png"}],"twitter_card":"summary_large_image","twitter_misc":{"Tempo di lettura stimato":"3 minuti"},"schema":{"@context":"https:\/\/schema.org","@graph":[{"@type":"WebPage","@id":"https:\/\/botschaften-bern.ch\/wichtige-hinweise-fuer-besucher\/","url":"https:\/\/botschaften-bern.ch\/wichtige-hinweise-fuer-besucher\/","name":"Wichtige Hinweise f\u00fcr Besucher - botschaften-bern.ch","isPartOf":{"@id":"https:\/\/botschaften-bern.ch\/#website"},"primaryImageOfPage":{"@id":"https:\/\/botschaften-bern.ch\/wichtige-hinweise-fuer-besucher\/#primaryimage"},"image":{"@id":"https:\/\/botschaften-bern.ch\/wichtige-hinweise-fuer-besucher\/#primaryimage"},"thumbnailUrl":"https:\/\/botschaften-bern.ch\/wp-content\/uploads\/2024\/11\/Untitled-design-150x150.png","datePublished":"2024-10-15T17:03:47+00:00","dateModified":"2024-11-07T18:41:18+00:00","description":"Wichtige Informationen f\u00fcr Besucher von Botschaften und Konsulaten in Bern \u2013 Erfahren Sie, was Sie vor Ihrem Besuch beachten sollten.","breadcrumb":{"@id":"https:\/\/botschaften-bern.ch\/wichtige-hinweise-fuer-besucher\/#breadcrumb"},"inLanguage":"it-IT","potentialAction":[{"@type":"ReadAction","target":["https:\/\/botschaften-bern.ch\/wichtige-hinweise-fuer-besucher\/"]}]},{"@type":"ImageObject","inLanguage":"it-IT","@id":"https:\/\/botschaften-bern.ch\/wichtige-hinweise-fuer-besucher\/#primaryimage","url":"https:\/\/botschaften-bern.ch\/wp-content\/uploads\/2024\/11\/Untitled-design-150x150.png","contentUrl":"https:\/\/botschaften-bern.ch\/wp-content\/uploads\/2024\/11\/Untitled-design-150x150.png"},{"@type":"BreadcrumbList","@id":"https:\/\/botschaften-bern.ch\/wichtige-hinweise-fuer-besucher\/#breadcrumb","itemListElement":[{"@type":"ListItem","position":1,"name":"Startseite","item":"https:\/\/botschaften-bern.ch\/"},{"@type":"ListItem","position":2,"name":"Wichtige Hinweise f\u00fcr Besucher"}]},{"@type":"WebSite","@id":"https:\/\/botschaften-bern.ch\/#website","url":"https:\/\/botschaften-bern.ch\/","name":"ambasciate-berna.ch","description":"","potentialAction":[{"@type":"SearchAction","target":{"@type":"EntryPoint","urlTemplate":"https:\/\/botschaften-bern.ch\/?s={search_term_string}"},"query-input":{"@type":"PropertyValueSpecification","valueRequired":true,"valueName":"search_term_string"}}],"inLanguage":"it-IT"}]}},"_links":{"self":[{"href":"https:\/\/botschaften-bern.ch\/it\/wp-json\/wp\/v2\/pages\/6204","targetHints":{"allow":["GET"]}}],"collection":[{"href":"https:\/\/botschaften-bern.ch\/it\/wp-json\/wp\/v2\/pages"}],"about":[{"href":"https:\/\/botschaften-bern.ch\/it\/wp-json\/wp\/v2\/types\/page"}],"author":[{"embeddable":true,"href":"https:\/\/botschaften-bern.ch\/it\/wp-json\/wp\/v2\/users\/1"}],"replies":[{"embeddable":true,"href":"https:\/\/botschaften-bern.ch\/it\/wp-json\/wp\/v2\/comments?post=6204"}],"version-history":[{"count":10,"href":"https:\/\/botschaften-bern.ch\/it\/wp-json\/wp\/v2\/pages\/6204\/revisions"}],"predecessor-version":[{"id":8053,"href":"https:\/\/botschaften-bern.ch\/it\/wp-json\/wp\/v2\/pages\/6204\/revisions\/8053"}],"wp:attachment":[{"href":"https:\/\/botschaften-bern.ch\/it\/wp-json\/wp\/v2\/media?parent=6204"}],"curies":[{"name":"wp","href":"https:\/\/api.w.org\/{rel}","templated":true}]}}