{"id":6292,"date":"2024-10-17T13:14:41","date_gmt":"2024-10-17T11:14:41","guid":{"rendered":"https:\/\/botschaften-bern.ch\/?page_id=6292"},"modified":"2025-01-22T10:48:51","modified_gmt":"2025-01-22T09:48:51","slug":"ueber-uns","status":"publish","type":"page","link":"https:\/\/botschaften-bern.ch\/fr\/ueber-uns\/","title":{"rendered":"\u00c0 propos de nous"},"content":{"rendered":"<h2><span style=\"color: #272626;\">Qui nous sommes<\/span><\/h2>\n<p><span style=\"color: #272626;\">Bienvenue sur ambassades-berne.ch! Nous sommes un site Internet ind\u00e9pendant et priv\u00e9 dont la mission est de vous fournir des informations compl\u00e8tes et toujours actuelles sur les ambassades \u00e9trang\u00e8res \u00e0 Berne.<\/span><\/p>\n<h3><span style=\"color: #272626;\">Notre mission<\/span><\/h3>\n<p><span style=\"color: #272626;\">Cette plateforme est n\u00e9e de la n\u00e9cessit\u00e9 de faciliter l\u2019acc\u00e8s aux coordonn\u00e9es diplomatiques et aux informations g\u00e9n\u00e9rales. Lorsque nous avons r\u00e9alis\u00e9 que les sources fiables et bien structur\u00e9es sur ce sujet \u00e9taient rares, nous avons d\u00e9cid\u00e9 de combler cette lacune. Avec embassies-bern.ch, nous souhaitons vous proposer une source d\u2019informations conviviale et fiable.<\/span><\/p>\n<h3><span style=\"color: #272626;\">Ce que nous proposons<\/span><\/h3>\n<p><span style=\"color: #272626;\">Sur notre site, vous trouverez des informations d\u00e9taill\u00e9es sur les ambassades et les consulats \u00e0 Berne, notamment <strong>Adresses<\/strong>, <strong>Coordonn\u00e9es<\/strong> et des conseils utiles.<\/span><\/p>\n<h3><span style=\"color: #272626;\">Notre engagement<\/span><\/h3>\n<p><span style=\"color: #272626;\">Notre \u00e9quipe de <a href=\"https:\/\/botschaften-bern.ch\/fr\/\">ambassades-berne.ch<\/a> travaille continuellement \u00e0 maintenir les informations \u00e0 jour. Si vous rencontrez des donn\u00e9es obsol\u00e8tes ou si vous avez d&#039;autres questions, n&#039;h\u00e9sitez pas \u00e0 nous contacter. Vos commentaires sont importants pour nous car nous souhaitons am\u00e9liorer continuellement notre service.<\/span><\/p>\n<p><span style=\"color: #272626;\">Merci d&#039;avoir visit\u00e9 notre site Web. Nous esp\u00e9rons que le site embassies-bern.ch vous sera utile pour r\u00e9pondre \u00e0 vos pr\u00e9occupations concernant les missions diplomatiques \u00e0 Berne.<\/span><\/p>\n<p><span style=\"color: #272626;\">Votre \u00e9quipe sur nachrichten-bern.ch<\/span><\/p>","protected":false},"excerpt":{"rendered":"<p>Wer wir sind Willkommen auf botschaften-bern.ch! Wir sind eine unabh\u00e4ngige, privat betriebene Webseite, die es sich zur Aufgabe gemacht hat, Ihnen umfassende und stets aktuelle Informationen \u00fcber die ausl\u00e4ndischen Botschaften in Bern bereitzustellen. Unsere Mission Diese Plattform entstand aus dem Bed\u00fcrfnis, den Zugang zu diplomatischen Kontaktdaten und Hintergrundinformationen zu erleichtern. Als wir feststellten, dass zuverl\u00e4ssige&hellip;&nbsp;<\/p>","protected":false},"author":1,"featured_media":0,"parent":0,"menu_order":0,"comment_status":"closed","ping_status":"closed","template":"","meta":{"neve_meta_sidebar":"","neve_meta_container":"","neve_meta_enable_content_width":"off","neve_meta_content_width":100,"neve_meta_title_alignment":"","neve_meta_author_avatar":"","neve_post_elements_order":"","neve_meta_disable_header":"","neve_meta_disable_footer":"","neve_meta_disable_title":"","neve_meta_reading_time":"","footnotes":""},"class_list":["post-6292","page","type-page","status-publish","hentry"],"yoast_head":"<!-- This site is optimized with the Yoast SEO plugin v27.3 - https:\/\/yoast.com\/product\/yoast-seo-wordpress\/ -->\n<title>\u00dcber Uns \u2013 Botschaften &amp; Konsulate in Bern<\/title>\n<meta name=\"description\" content=\"Lernen Sie unser Team und unsere Mission bei Botschaften-Bern.ch kennen, Ihrem Portal f\u00fcr Botschaften und Konsulate in Bern.\" \/>\n<meta name=\"robots\" content=\"noindex, follow\" \/>\n<meta property=\"og:locale\" content=\"fr_FR\" \/>\n<meta property=\"og:type\" content=\"article\" \/>\n<meta property=\"og:title\" content=\"\u00dcber Uns \u2013 Botschaften &amp; Konsulate in Bern\" \/>\n<meta property=\"og:description\" content=\"Lernen Sie unser Team und unsere Mission bei Botschaften-Bern.ch kennen, Ihrem Portal f\u00fcr Botschaften und Konsulate in Bern.\" \/>\n<meta property=\"og:url\" content=\"https:\/\/botschaften-bern.ch\/fr\/ueber-uns\/\" \/>\n<meta property=\"og:site_name\" content=\"botschaften-bern.ch\" \/>\n<meta property=\"article:modified_time\" content=\"2025-01-22T09:48:51+00:00\" \/>\n<meta name=\"twitter:card\" content=\"summary_large_image\" \/>\n<meta name=\"twitter:label1\" content=\"Dur\u00e9e de lecture estim\u00e9e\" \/>\n\t<meta name=\"twitter:data1\" content=\"1 minute\" \/>\n<script type=\"application\/ld+json\" class=\"yoast-schema-graph\">{\"@context\":\"https:\\\/\\\/schema.org\",\"@graph\":[{\"@type\":\"WebPage\",\"@id\":\"https:\\\/\\\/botschaften-bern.ch\\\/ueber-uns\\\/\",\"url\":\"https:\\\/\\\/botschaften-bern.ch\\\/ueber-uns\\\/\",\"name\":\"\u00dcber Uns \u2013 Botschaften & Konsulate in Bern\",\"isPartOf\":{\"@id\":\"https:\\\/\\\/botschaften-bern.ch\\\/#website\"},\"datePublished\":\"2024-10-17T11:14:41+00:00\",\"dateModified\":\"2025-01-22T09:48:51+00:00\",\"description\":\"Lernen Sie unser Team und unsere Mission bei Botschaften-Bern.ch kennen, Ihrem Portal f\u00fcr Botschaften und Konsulate in Bern.\",\"breadcrumb\":{\"@id\":\"https:\\\/\\\/botschaften-bern.ch\\\/ueber-uns\\\/#breadcrumb\"},\"inLanguage\":\"fr-FR\",\"potentialAction\":[{\"@type\":\"ReadAction\",\"target\":[\"https:\\\/\\\/botschaften-bern.ch\\\/ueber-uns\\\/\"]}]},{\"@type\":\"BreadcrumbList\",\"@id\":\"https:\\\/\\\/botschaften-bern.ch\\\/ueber-uns\\\/#breadcrumb\",\"itemListElement\":[{\"@type\":\"ListItem\",\"position\":1,\"name\":\"Startseite\",\"item\":\"https:\\\/\\\/botschaften-bern.ch\\\/\"},{\"@type\":\"ListItem\",\"position\":2,\"name\":\"\u00dcber uns\"}]},{\"@type\":\"WebSite\",\"@id\":\"https:\\\/\\\/botschaften-bern.ch\\\/#website\",\"url\":\"https:\\\/\\\/botschaften-bern.ch\\\/\",\"name\":\"botschaften-bern.ch\",\"description\":\"\",\"potentialAction\":[{\"@type\":\"SearchAction\",\"target\":{\"@type\":\"EntryPoint\",\"urlTemplate\":\"https:\\\/\\\/botschaften-bern.ch\\\/?s={search_term_string}\"},\"query-input\":{\"@type\":\"PropertyValueSpecification\",\"valueRequired\":true,\"valueName\":\"search_term_string\"}}],\"inLanguage\":\"fr-FR\"}]}<\/script>\n<!-- \/ Yoast SEO plugin. -->","yoast_head_json":{"title":"\u00dcber Uns \u2013 Botschaften & Konsulate in Bern","description":"Lernen Sie unser Team und unsere Mission bei Botschaften-Bern.ch kennen, Ihrem Portal f\u00fcr Botschaften und Konsulate in Bern.","robots":{"index":"noindex","follow":"follow"},"og_locale":"fr_FR","og_type":"article","og_title":"\u00dcber Uns \u2013 Botschaften & Konsulate in Bern","og_description":"Lernen Sie unser Team und unsere Mission bei Botschaften-Bern.ch kennen, Ihrem Portal f\u00fcr Botschaften und Konsulate in Bern.","og_url":"https:\/\/botschaften-bern.ch\/fr\/ueber-uns\/","og_site_name":"botschaften-bern.ch","article_modified_time":"2025-01-22T09:48:51+00:00","twitter_card":"summary_large_image","twitter_misc":{"Dur\u00e9e de lecture estim\u00e9e":"1 minute"},"schema":{"@context":"https:\/\/schema.org","@graph":[{"@type":"WebPage","@id":"https:\/\/botschaften-bern.ch\/ueber-uns\/","url":"https:\/\/botschaften-bern.ch\/ueber-uns\/","name":"\u00dcber Uns \u2013 Botschaften & Konsulate in Bern","isPartOf":{"@id":"https:\/\/botschaften-bern.ch\/#website"},"datePublished":"2024-10-17T11:14:41+00:00","dateModified":"2025-01-22T09:48:51+00:00","description":"Lernen Sie unser Team und unsere Mission bei Botschaften-Bern.ch kennen, Ihrem Portal f\u00fcr Botschaften und Konsulate in Bern.","breadcrumb":{"@id":"https:\/\/botschaften-bern.ch\/ueber-uns\/#breadcrumb"},"inLanguage":"fr-FR","potentialAction":[{"@type":"ReadAction","target":["https:\/\/botschaften-bern.ch\/ueber-uns\/"]}]},{"@type":"BreadcrumbList","@id":"https:\/\/botschaften-bern.ch\/ueber-uns\/#breadcrumb","itemListElement":[{"@type":"ListItem","position":1,"name":"Startseite","item":"https:\/\/botschaften-bern.ch\/"},{"@type":"ListItem","position":2,"name":"\u00dcber uns"}]},{"@type":"WebSite","@id":"https:\/\/botschaften-bern.ch\/#website","url":"https:\/\/botschaften-bern.ch\/","name":"ambassades-berne.ch","description":"","potentialAction":[{"@type":"SearchAction","target":{"@type":"EntryPoint","urlTemplate":"https:\/\/botschaften-bern.ch\/?s={search_term_string}"},"query-input":{"@type":"PropertyValueSpecification","valueRequired":true,"valueName":"search_term_string"}}],"inLanguage":"fr-FR"}]}},"_links":{"self":[{"href":"https:\/\/botschaften-bern.ch\/fr\/wp-json\/wp\/v2\/pages\/6292","targetHints":{"allow":["GET"]}}],"collection":[{"href":"https:\/\/botschaften-bern.ch\/fr\/wp-json\/wp\/v2\/pages"}],"about":[{"href":"https:\/\/botschaften-bern.ch\/fr\/wp-json\/wp\/v2\/types\/page"}],"author":[{"embeddable":true,"href":"https:\/\/botschaften-bern.ch\/fr\/wp-json\/wp\/v2\/users\/1"}],"replies":[{"embeddable":true,"href":"https:\/\/botschaften-bern.ch\/fr\/wp-json\/wp\/v2\/comments?post=6292"}],"version-history":[{"count":5,"href":"https:\/\/botschaften-bern.ch\/fr\/wp-json\/wp\/v2\/pages\/6292\/revisions"}],"predecessor-version":[{"id":8054,"href":"https:\/\/botschaften-bern.ch\/fr\/wp-json\/wp\/v2\/pages\/6292\/revisions\/8054"}],"wp:attachment":[{"href":"https:\/\/botschaften-bern.ch\/fr\/wp-json\/wp\/v2\/media?parent=6292"}],"curies":[{"name":"wp","href":"https:\/\/api.w.org\/{rel}","templated":true}]}}