{"id":674,"date":"2024-01-31T14:25:25","date_gmt":"2024-01-31T13:25:25","guid":{"rendered":"https:\/\/botschaften-bern.ch\/?page_id=674"},"modified":"2025-12-30T07:11:58","modified_gmt":"2025-12-30T06:11:58","slug":"impressum","status":"publish","type":"page","link":"https:\/\/botschaften-bern.ch\/en\/impressum\/","title":{"rendered":"imprint"},"content":{"rendered":"<h1>imprint<\/h1>\n<p>Information according to \u00a7 5 TMG:<\/p>\n<p>Contact:<\/p>\n<p>Petros Aslanakis<br \/>\n889\/850 Moo 5<br \/>\nNong Prue, Bang Lamung<br \/>\nChon Buri 20150<br \/>\nThailand<\/p>\n<p>Email: info@nachrichten-bern.ch<\/p>\n<p><strong>This website is not an official website of the respective embassy.\u00a0<\/strong><\/p>\n<p><strong>Please understand that we, as website operators, cannot provide any advice or information.<\/strong><\/p>\n<p><strong>Liability for Content<\/strong><\/p>\n<p>As service providers, we are liable for own contents of these websites according to \u00a7 7 para. 1 German Telemedia Act (TMG). However, according to \u00a7\u00a7 8 to 10 German Telemedia Act (TMG), service providers are not obligated to monitor submitted or stored information or to search for evidences that indicate illegal activities. Legal obligations to remove information or to block the use of information remain unchallenged. In this case, liability is only possible at the time of knowledge about a specific violation of law. If we become aware of such violations, we will remove this content immediately.<\/p>\n<p><strong>Liability for Links<\/strong><\/p>\n<p>Our offer contains links to external third-party websites over whose content we have no influence. We therefore cannot accept any liability for this external content. The respective provider or operator of the pages is always responsible for the content of the linked pages. The linked pages were checked for possible legal violations at the time of linking. Illegal content was not recognizable at the time of linking. However, permanent control of the content of the linked pages is not reasonable without concrete evidence of a legal violation. If we become aware of any legal violations, we will remove such links immediately.<\/p>\n<p><strong>copyright<\/strong><\/p>\n<p>The content and works on these pages created by the site operators are subject to German copyright law. Duplication, processing, distribution and any type of exploitation outside the limits of copyright law require the written consent of the respective author or creator. Downloads and copies of this page are only permitted for private, non-commercial use. Insofar as the content on this page was not created by the operator, the copyrights of third parties are observed. In particular, third-party content is marked as such. Should you nevertheless become aware of a copyright infringement, we ask you to notify us accordingly. If we become aware of any infringements, we will remove such content immediately.<\/p>\n<p>Source: https:\/\/www.e-recht24.de<\/p>","protected":false},"excerpt":{"rendered":"<p>Impressum Angaben gem\u00e4\u00df \u00a7 5 TMG: Kontakt: Petros Aslanakis 889\/850 Moo 5 Nong Prue, Bang Lamung Chon Buri 20150 Thailand E-Mail: info@botschaften-bern.ch Diese Webseite ist keine offizielle Webseite der jeweiligen Botschaft.\u00a0 Bitte haben Sie Verst\u00e4ndnis, dass wir als Seitenbeitreiber keinerlei Beratung vornehmen oder Informationen erteilen k\u00f6nnen. Haftung f\u00fcr Inhalte Als Diensteanbieter sind wir gem\u00e4\u00df \u00a7&hellip;&nbsp;<\/p>","protected":false},"author":1,"featured_media":0,"parent":0,"menu_order":0,"comment_status":"closed","ping_status":"closed","template":"","meta":{"neve_meta_sidebar":"","neve_meta_container":"","neve_meta_enable_content_width":"off","neve_meta_content_width":100,"neve_meta_title_alignment":"","neve_meta_author_avatar":"","neve_post_elements_order":"","neve_meta_disable_header":"","neve_meta_disable_footer":"","neve_meta_disable_title":"","neve_meta_reading_time":"","footnotes":""},"class_list":["post-674","page","type-page","status-publish","hentry"],"yoast_head":"<!-- This site is optimized with the Yoast SEO plugin v27.3 - https:\/\/yoast.com\/product\/yoast-seo-wordpress\/ -->\n<title>Impressum - botschaften-bern.ch<\/title>\n<meta name=\"robots\" content=\"noindex, follow\" \/>\n<meta property=\"og:locale\" content=\"en_GB\" \/>\n<meta property=\"og:type\" content=\"article\" \/>\n<meta property=\"og:title\" content=\"Impressum - botschaften-bern.ch\" \/>\n<meta property=\"og:description\" content=\"Impressum Angaben gem\u00e4\u00df \u00a7 5 TMG: Kontakt: Petros Aslanakis 889\/850 Moo 5 Nong Prue, Bang Lamung Chon Buri 20150 Thailand E-Mail: info@botschaften-bern.ch Diese Webseite ist keine offizielle Webseite der jeweiligen Botschaft.\u00a0 Bitte haben Sie Verst\u00e4ndnis, dass wir als Seitenbeitreiber keinerlei Beratung vornehmen oder Informationen erteilen k\u00f6nnen. Haftung f\u00fcr Inhalte Als Diensteanbieter sind wir gem\u00e4\u00df \u00a7&hellip;&nbsp;\" \/>\n<meta property=\"og:url\" content=\"https:\/\/botschaften-bern.ch\/en\/impressum\/\" \/>\n<meta property=\"og:site_name\" content=\"botschaften-bern.ch\" \/>\n<meta property=\"article:modified_time\" content=\"2025-12-30T06:11:58+00:00\" \/>\n<meta name=\"twitter:card\" content=\"summary_large_image\" \/>\n<meta name=\"twitter:label1\" content=\"Estimated reading time\" \/>\n\t<meta name=\"twitter:data1\" content=\"2 minutes\" \/>\n<script type=\"application\/ld+json\" class=\"yoast-schema-graph\">{\"@context\":\"https:\\\/\\\/schema.org\",\"@graph\":[{\"@type\":\"WebPage\",\"@id\":\"https:\\\/\\\/botschaften-bern.ch\\\/impressum\\\/\",\"url\":\"https:\\\/\\\/botschaften-bern.ch\\\/impressum\\\/\",\"name\":\"Impressum - botschaften-bern.ch\",\"isPartOf\":{\"@id\":\"https:\\\/\\\/botschaften-bern.ch\\\/#website\"},\"datePublished\":\"2024-01-31T13:25:25+00:00\",\"dateModified\":\"2025-12-30T06:11:58+00:00\",\"breadcrumb\":{\"@id\":\"https:\\\/\\\/botschaften-bern.ch\\\/impressum\\\/#breadcrumb\"},\"inLanguage\":\"en-GB\",\"potentialAction\":[{\"@type\":\"ReadAction\",\"target\":[\"https:\\\/\\\/botschaften-bern.ch\\\/impressum\\\/\"]}]},{\"@type\":\"BreadcrumbList\",\"@id\":\"https:\\\/\\\/botschaften-bern.ch\\\/impressum\\\/#breadcrumb\",\"itemListElement\":[{\"@type\":\"ListItem\",\"position\":1,\"name\":\"Startseite\",\"item\":\"https:\\\/\\\/botschaften-bern.ch\\\/\"},{\"@type\":\"ListItem\",\"position\":2,\"name\":\"Impressum\"}]},{\"@type\":\"WebSite\",\"@id\":\"https:\\\/\\\/botschaften-bern.ch\\\/#website\",\"url\":\"https:\\\/\\\/botschaften-bern.ch\\\/\",\"name\":\"botschaften-bern.ch\",\"description\":\"\",\"potentialAction\":[{\"@type\":\"SearchAction\",\"target\":{\"@type\":\"EntryPoint\",\"urlTemplate\":\"https:\\\/\\\/botschaften-bern.ch\\\/?s={search_term_string}\"},\"query-input\":{\"@type\":\"PropertyValueSpecification\",\"valueRequired\":true,\"valueName\":\"search_term_string\"}}],\"inLanguage\":\"en-GB\"}]}<\/script>\n<!-- \/ Yoast SEO plugin. -->","yoast_head_json":{"title":"Impressum - botschaften-bern.ch","robots":{"index":"noindex","follow":"follow"},"og_locale":"en_GB","og_type":"article","og_title":"Impressum - botschaften-bern.ch","og_description":"Impressum Angaben gem\u00e4\u00df \u00a7 5 TMG: Kontakt: Petros Aslanakis 889\/850 Moo 5 Nong Prue, Bang Lamung Chon Buri 20150 Thailand E-Mail: info@botschaften-bern.ch Diese Webseite ist keine offizielle Webseite der jeweiligen Botschaft.\u00a0 Bitte haben Sie Verst\u00e4ndnis, dass wir als Seitenbeitreiber keinerlei Beratung vornehmen oder Informationen erteilen k\u00f6nnen. Haftung f\u00fcr Inhalte Als Diensteanbieter sind wir gem\u00e4\u00df \u00a7&hellip;&nbsp;","og_url":"https:\/\/botschaften-bern.ch\/en\/impressum\/","og_site_name":"botschaften-bern.ch","article_modified_time":"2025-12-30T06:11:58+00:00","twitter_card":"summary_large_image","twitter_misc":{"Estimated reading time":"2 minutes"},"schema":{"@context":"https:\/\/schema.org","@graph":[{"@type":"WebPage","@id":"https:\/\/botschaften-bern.ch\/impressum\/","url":"https:\/\/botschaften-bern.ch\/impressum\/","name":"Impressum - botschaften-bern.ch","isPartOf":{"@id":"https:\/\/botschaften-bern.ch\/#website"},"datePublished":"2024-01-31T13:25:25+00:00","dateModified":"2025-12-30T06:11:58+00:00","breadcrumb":{"@id":"https:\/\/botschaften-bern.ch\/impressum\/#breadcrumb"},"inLanguage":"en-GB","potentialAction":[{"@type":"ReadAction","target":["https:\/\/botschaften-bern.ch\/impressum\/"]}]},{"@type":"BreadcrumbList","@id":"https:\/\/botschaften-bern.ch\/impressum\/#breadcrumb","itemListElement":[{"@type":"ListItem","position":1,"name":"Startseite","item":"https:\/\/botschaften-bern.ch\/"},{"@type":"ListItem","position":2,"name":"Impressum"}]},{"@type":"WebSite","@id":"https:\/\/botschaften-bern.ch\/#website","url":"https:\/\/botschaften-bern.ch\/","name":"botschaften-bern.ch","description":"","potentialAction":[{"@type":"SearchAction","target":{"@type":"EntryPoint","urlTemplate":"https:\/\/botschaften-bern.ch\/?s={search_term_string}"},"query-input":{"@type":"PropertyValueSpecification","valueRequired":true,"valueName":"search_term_string"}}],"inLanguage":"en-GB"}]}},"_links":{"self":[{"href":"https:\/\/botschaften-bern.ch\/en\/wp-json\/wp\/v2\/pages\/674","targetHints":{"allow":["GET"]}}],"collection":[{"href":"https:\/\/botschaften-bern.ch\/en\/wp-json\/wp\/v2\/pages"}],"about":[{"href":"https:\/\/botschaften-bern.ch\/en\/wp-json\/wp\/v2\/types\/page"}],"author":[{"embeddable":true,"href":"https:\/\/botschaften-bern.ch\/en\/wp-json\/wp\/v2\/users\/1"}],"replies":[{"embeddable":true,"href":"https:\/\/botschaften-bern.ch\/en\/wp-json\/wp\/v2\/comments?post=674"}],"version-history":[{"count":2,"href":"https:\/\/botschaften-bern.ch\/en\/wp-json\/wp\/v2\/pages\/674\/revisions"}],"predecessor-version":[{"id":8508,"href":"https:\/\/botschaften-bern.ch\/en\/wp-json\/wp\/v2\/pages\/674\/revisions\/8508"}],"wp:attachment":[{"href":"https:\/\/botschaften-bern.ch\/en\/wp-json\/wp\/v2\/media?parent=674"}],"curies":[{"name":"wp","href":"https:\/\/api.w.org\/{rel}","templated":true}]}}